{"id":48,"date":"2017-04-23T11:06:12","date_gmt":"2017-04-23T09:06:12","guid":{"rendered":"https:\/\/antoine-echafaudages.fr\/?page_id=48"},"modified":"2019-06-21T11:39:36","modified_gmt":"2019-06-21T09:39:36","slug":"contacts","status":"publish","type":"page","link":"https:\/\/www.antoine-echafaudages.fr\/?page_id=48","title":{"rendered":"Contacter Antoine \u00c9chafaudages"},"content":{"rendered":"\n<h4 class=\"wp-block-heading\"><strong>SI\u00c8GE SOCIAL<\/strong><\/h4>\n\n\n\n<p style=\"text-align:left\">Route Pagny<br>54121 Vandi\u00e8res<br>T\u00e9l : 03 83 81 77 28<\/p>\n\n\n\n<p><\/p>\n\n\n\n<h4 class=\"wp-block-heading\"><strong>AGENCE CHAMPAGNE-ARDENNES<\/strong> <\/h4>\n\n\n\n<p>112 Rue de Courcelles<br>51100 REIMS<br>T\u00e9l : 03 26 06 17 20<br>Fax : 03 26 84 96 57<\/p>\n","protected":false},"excerpt":{"rendered":"<p>SI\u00c8GE SOCIAL Route Pagny54121 Vandi\u00e8resT\u00e9l : 03 83 81 77 28 AGENCE CHAMPAGNE-ARDENNES 112 Rue de Courcelles51100&#8230;<\/p>\n","protected":false},"author":5,"featured_media":0,"parent":0,"menu_order":14,"comment_status":"closed","ping_status":"closed","template":"page-contact.php","meta":{"footnotes":""},"acf":[],"yoast_head":"<!-- This site is optimized with the Yoast SEO plugin v20.0 - https:\/\/yoast.com\/wordpress\/plugins\/seo\/ -->\n<title>Contacter Antoine \u00c9chafaudages - Antoine \u00c9chafaudages<\/title>\n<meta name=\"robots\" content=\"index, follow, max-snippet:-1, max-image-preview:large, max-video-preview:-1\" \/>\n<link rel=\"canonical\" href=\"https:\/\/www.antoine-echafaudages.fr\/?page_id=48\" \/>\n<meta property=\"og:locale\" content=\"fr_FR\" \/>\n<meta property=\"og:type\" content=\"article\" \/>\n<meta property=\"og:title\" content=\"Contacter Antoine \u00c9chafaudages - Antoine \u00c9chafaudages\" \/>\n<meta property=\"og:description\" content=\"SI\u00c8GE SOCIAL Route Pagny54121 Vandi\u00e8resT\u00e9l : 03 83 81 77 28 AGENCE CHAMPAGNE-ARDENNES 112 Rue de Courcelles51100...\" \/>\n<meta property=\"og:url\" content=\"https:\/\/www.antoine-echafaudages.fr\/?page_id=48\" \/>\n<meta property=\"og:site_name\" content=\"Antoine \u00c9chafaudages\" \/>\n<meta property=\"article:modified_time\" content=\"2019-06-21T09:39:36+00:00\" \/>\n<meta name=\"twitter:card\" content=\"summary_large_image\" \/>\n<script type=\"application\/ld+json\" class=\"yoast-schema-graph\">{\"@context\":\"https:\/\/schema.org\",\"@graph\":[{\"@type\":\"WebPage\",\"@id\":\"https:\/\/www.antoine-echafaudages.fr\/?page_id=48\",\"url\":\"https:\/\/www.antoine-echafaudages.fr\/?page_id=48\",\"name\":\"Contacter Antoine \u00c9chafaudages - Antoine \u00c9chafaudages\",\"isPartOf\":{\"@id\":\"https:\/\/www.antoine-echafaudages.fr\/#website\"},\"datePublished\":\"2017-04-23T09:06:12+00:00\",\"dateModified\":\"2019-06-21T09:39:36+00:00\",\"breadcrumb\":{\"@id\":\"https:\/\/www.antoine-echafaudages.fr\/?page_id=48#breadcrumb\"},\"inLanguage\":\"fr-FR\",\"potentialAction\":[{\"@type\":\"ReadAction\",\"target\":[\"https:\/\/www.antoine-echafaudages.fr\/?page_id=48\"]}]},{\"@type\":\"BreadcrumbList\",\"@id\":\"https:\/\/www.antoine-echafaudages.fr\/?page_id=48#breadcrumb\",\"itemListElement\":[{\"@type\":\"ListItem\",\"position\":1,\"name\":\"Accueil\",\"item\":\"https:\/\/www.antoine-echafaudages.fr\/\"},{\"@type\":\"ListItem\",\"position\":2,\"name\":\"Contacter Antoine \u00c9chafaudages\"}]},{\"@type\":\"WebSite\",\"@id\":\"https:\/\/www.antoine-echafaudages.fr\/#website\",\"url\":\"https:\/\/www.antoine-echafaudages.fr\/\",\"name\":\"Antoine \u00c9chafaudages\",\"description\":\"Antoine \u00c9chafaudages\",\"potentialAction\":[{\"@type\":\"SearchAction\",\"target\":{\"@type\":\"EntryPoint\",\"urlTemplate\":\"https:\/\/www.antoine-echafaudages.fr\/?s={search_term_string}\"},\"query-input\":\"required name=search_term_string\"}],\"inLanguage\":\"fr-FR\"}]}<\/script>\n<!-- \/ Yoast SEO plugin. -->","yoast_head_json":{"title":"Contacter Antoine \u00c9chafaudages - Antoine \u00c9chafaudages","robots":{"index":"index","follow":"follow","max-snippet":"max-snippet:-1","max-image-preview":"max-image-preview:large","max-video-preview":"max-video-preview:-1"},"canonical":"https:\/\/www.antoine-echafaudages.fr\/?page_id=48","og_locale":"fr_FR","og_type":"article","og_title":"Contacter Antoine \u00c9chafaudages - Antoine \u00c9chafaudages","og_description":"SI\u00c8GE SOCIAL Route Pagny54121 Vandi\u00e8resT\u00e9l : 03 83 81 77 28 AGENCE CHAMPAGNE-ARDENNES 112 Rue de Courcelles51100...","og_url":"https:\/\/www.antoine-echafaudages.fr\/?page_id=48","og_site_name":"Antoine \u00c9chafaudages","article_modified_time":"2019-06-21T09:39:36+00:00","twitter_card":"summary_large_image","schema":{"@context":"https:\/\/schema.org","@graph":[{"@type":"WebPage","@id":"https:\/\/www.antoine-echafaudages.fr\/?page_id=48","url":"https:\/\/www.antoine-echafaudages.fr\/?page_id=48","name":"Contacter Antoine \u00c9chafaudages - Antoine \u00c9chafaudages","isPartOf":{"@id":"https:\/\/www.antoine-echafaudages.fr\/#website"},"datePublished":"2017-04-23T09:06:12+00:00","dateModified":"2019-06-21T09:39:36+00:00","breadcrumb":{"@id":"https:\/\/www.antoine-echafaudages.fr\/?page_id=48#breadcrumb"},"inLanguage":"fr-FR","potentialAction":[{"@type":"ReadAction","target":["https:\/\/www.antoine-echafaudages.fr\/?page_id=48"]}]},{"@type":"BreadcrumbList","@id":"https:\/\/www.antoine-echafaudages.fr\/?page_id=48#breadcrumb","itemListElement":[{"@type":"ListItem","position":1,"name":"Accueil","item":"https:\/\/www.antoine-echafaudages.fr\/"},{"@type":"ListItem","position":2,"name":"Contacter Antoine \u00c9chafaudages"}]},{"@type":"WebSite","@id":"https:\/\/www.antoine-echafaudages.fr\/#website","url":"https:\/\/www.antoine-echafaudages.fr\/","name":"Antoine \u00c9chafaudages","description":"Antoine \u00c9chafaudages","potentialAction":[{"@type":"SearchAction","target":{"@type":"EntryPoint","urlTemplate":"https:\/\/www.antoine-echafaudages.fr\/?s={search_term_string}"},"query-input":"required name=search_term_string"}],"inLanguage":"fr-FR"}]}},"_links":{"self":[{"href":"https:\/\/www.antoine-echafaudages.fr\/index.php?rest_route=\/wp\/v2\/pages\/48"}],"collection":[{"href":"https:\/\/www.antoine-echafaudages.fr\/index.php?rest_route=\/wp\/v2\/pages"}],"about":[{"href":"https:\/\/www.antoine-echafaudages.fr\/index.php?rest_route=\/wp\/v2\/types\/page"}],"author":[{"embeddable":true,"href":"https:\/\/www.antoine-echafaudages.fr\/index.php?rest_route=\/wp\/v2\/users\/5"}],"replies":[{"embeddable":true,"href":"https:\/\/www.antoine-echafaudages.fr\/index.php?rest_route=%2Fwp%2Fv2%2Fcomments&post=48"}],"version-history":[{"count":0,"href":"https:\/\/www.antoine-echafaudages.fr\/index.php?rest_route=\/wp\/v2\/pages\/48\/revisions"}],"wp:attachment":[{"href":"https:\/\/www.antoine-echafaudages.fr\/index.php?rest_route=%2Fwp%2Fv2%2Fmedia&parent=48"}],"curies":[{"name":"wp","href":"https:\/\/api.w.org\/{rel}","templated":true}]}}