{"id":405,"date":"2019-04-09T19:10:16","date_gmt":"2019-04-09T17:10:16","guid":{"rendered":"https:\/\/antoine-echafaudages.fr\/?page_id=405"},"modified":"2019-06-21T11:36:29","modified_gmt":"2019-06-21T09:36:29","slug":"moyens-humains-realisation-echafaudages-etaiements","status":"publish","type":"page","link":"https:\/\/www.antoine-echafaudages.fr\/?page_id=405","title":{"rendered":"Moyens humains"},"content":{"rendered":"\n<p class=\"txt-niveau2\"><a href=\"https:\/\/antoine-echafaudages.burolor.eu\/presentation\/antoine-echafaudages-est-ile-de-france\/\">Antoine \u00c9chafaudages<\/a> vous accompagne dans vos projets de r\u00e9alisation d\u2019\u00e9chafaudages . <\/p>\n\n\n\n<h4 class=\"wp-block-heading\">\nUne \u00e9quipe riche de ressources techniques, commerciales, logistiques, alliant leur exp\u00e9rience et leur savoir-faire :\n\n<\/h4>\n\n\n\n<ul><li> Directeur technique et commercial<\/li><li> Charg\u00e9s d\u2019affaires et techniciens de bureau d\u2019\u00e9tude<\/li><li> Conducteurs de travaux<\/li><li> Magasiniers en charge de la gestion logistique en atelier\/d\u00e9p\u00f4t <\/li><li>Chauffeurs poids lourds<\/li><li> Chefs d\u2019\u00e9quipes <\/li><li> Monteurs, aide monteurs et man\u0153uvres <\/li><\/ul>\n\n\n\n<h4 class=\"wp-block-heading\">L\u2019entreprise compte aujourd\u2019hui pr\u00e8s de 50 personnes qui sont en charge de :<\/h4>\n\n\n\n<ul><li><a href=\"https:\/\/antoine-echafaudages.burolor.eu\/nos-moyens\/projets-echafaudages-bureau-etudes\/\">l\u2019\u00e9tude et la gestion des projets d\u2019\u00e9chafaudages<\/a><\/li><li><a href=\"https:\/\/antoine-echafaudages.burolor.eu\/nos-moyens\/moyens-materiels-et-logistiques\/\">l\u2019organisation en d\u00e9p\u00f4t, en atelier, et sur site<\/a><\/li><li>la gestion des plannings et des installations sur chantier<\/li><li>le suivi et le contr\u00f4le r\u00e9gulier des installations pour assurer la maintenance des \u00e9quipements.<\/li><\/ul>\n\n\n\n<p><a href=\"https:\/\/antoine-echafaudages.burolor.eu\/contacts\/\">Contactez-nous pour plus d&rsquo;informations sur nos moyens pour la r\u00e9alisation d\u2019\u00e9chafaudages<\/a>.<\/p>\n\n\n\n<p><\/p>\n","protected":false},"excerpt":{"rendered":"<p>Antoine \u00c9chafaudages vous accompagne dans vos projets de r\u00e9alisation d\u2019\u00e9chafaudages . Une \u00e9quipe riche de ressources techniques,&#8230;<\/p>\n","protected":false},"author":5,"featured_media":0,"parent":217,"menu_order":4,"comment_status":"closed","ping_status":"closed","template":"page-sidebar.php","meta":{"footnotes":""},"acf":[],"yoast_head":"<!-- This site is optimized with the Yoast SEO plugin v20.0 - https:\/\/yoast.com\/wordpress\/plugins\/seo\/ -->\n<title>Moyens humains r\u00e9alisation d&#039;\u00e9chafaudages - Antoine \u00c9chafaudages<\/title>\n<meta name=\"description\" content=\"Antoine \u00c9chafaudages c&#039;est une \u00e9quipe riche de ressources techniques, commerciales, logistiques pour la r\u00e9alisation d&#039;\u00e9chafaudages.\" \/>\n<meta name=\"robots\" content=\"index, follow, max-snippet:-1, max-image-preview:large, max-video-preview:-1\" \/>\n<link rel=\"canonical\" href=\"https:\/\/www.antoine-echafaudages.fr\/?page_id=405\" \/>\n<meta property=\"og:locale\" content=\"fr_FR\" \/>\n<meta property=\"og:type\" content=\"article\" \/>\n<meta property=\"og:title\" content=\"Moyens humains r\u00e9alisation d&#039;\u00e9chafaudages - Antoine \u00c9chafaudages\" \/>\n<meta property=\"og:description\" content=\"Antoine \u00c9chafaudages c&#039;est une \u00e9quipe riche de ressources techniques, commerciales, logistiques pour la r\u00e9alisation d&#039;\u00e9chafaudages.\" \/>\n<meta property=\"og:url\" content=\"https:\/\/www.antoine-echafaudages.fr\/?page_id=405\" \/>\n<meta property=\"og:site_name\" content=\"Antoine \u00c9chafaudages\" \/>\n<meta property=\"article:modified_time\" content=\"2019-06-21T09:36:29+00:00\" \/>\n<meta name=\"twitter:card\" content=\"summary_large_image\" \/>\n<meta name=\"twitter:label1\" content=\"Dur\u00e9e de lecture estim\u00e9e\" \/>\n\t<meta name=\"twitter:data1\" content=\"1 minute\" \/>\n<script type=\"application\/ld+json\" class=\"yoast-schema-graph\">{\"@context\":\"https:\/\/schema.org\",\"@graph\":[{\"@type\":\"WebPage\",\"@id\":\"https:\/\/www.antoine-echafaudages.fr\/?page_id=405\",\"url\":\"https:\/\/www.antoine-echafaudages.fr\/?page_id=405\",\"name\":\"Moyens humains r\u00e9alisation d'\u00e9chafaudages - Antoine \u00c9chafaudages\",\"isPartOf\":{\"@id\":\"https:\/\/www.antoine-echafaudages.fr\/#website\"},\"datePublished\":\"2019-04-09T17:10:16+00:00\",\"dateModified\":\"2019-06-21T09:36:29+00:00\",\"description\":\"Antoine \u00c9chafaudages c'est une \u00e9quipe riche de ressources techniques, commerciales, logistiques pour la r\u00e9alisation d'\u00e9chafaudages.\",\"breadcrumb\":{\"@id\":\"https:\/\/www.antoine-echafaudages.fr\/?page_id=405#breadcrumb\"},\"inLanguage\":\"fr-FR\",\"potentialAction\":[{\"@type\":\"ReadAction\",\"target\":[\"https:\/\/www.antoine-echafaudages.fr\/?page_id=405\"]}]},{\"@type\":\"BreadcrumbList\",\"@id\":\"https:\/\/www.antoine-echafaudages.fr\/?page_id=405#breadcrumb\",\"itemListElement\":[{\"@type\":\"ListItem\",\"position\":1,\"name\":\"Accueil\",\"item\":\"https:\/\/www.antoine-echafaudages.fr\/\"},{\"@type\":\"ListItem\",\"position\":2,\"name\":\"Nos Moyens\",\"item\":\"https:\/\/www.antoine-echafaudages.fr\/?page_id=217\"},{\"@type\":\"ListItem\",\"position\":3,\"name\":\"Moyens humains\"}]},{\"@type\":\"WebSite\",\"@id\":\"https:\/\/www.antoine-echafaudages.fr\/#website\",\"url\":\"https:\/\/www.antoine-echafaudages.fr\/\",\"name\":\"Antoine \u00c9chafaudages\",\"description\":\"Antoine \u00c9chafaudages\",\"potentialAction\":[{\"@type\":\"SearchAction\",\"target\":{\"@type\":\"EntryPoint\",\"urlTemplate\":\"https:\/\/www.antoine-echafaudages.fr\/?s={search_term_string}\"},\"query-input\":\"required name=search_term_string\"}],\"inLanguage\":\"fr-FR\"}]}<\/script>\n<!-- \/ Yoast SEO plugin. -->","yoast_head_json":{"title":"Moyens humains r\u00e9alisation d'\u00e9chafaudages - Antoine \u00c9chafaudages","description":"Antoine \u00c9chafaudages c'est une \u00e9quipe riche de ressources techniques, commerciales, logistiques pour la r\u00e9alisation d'\u00e9chafaudages.","robots":{"index":"index","follow":"follow","max-snippet":"max-snippet:-1","max-image-preview":"max-image-preview:large","max-video-preview":"max-video-preview:-1"},"canonical":"https:\/\/www.antoine-echafaudages.fr\/?page_id=405","og_locale":"fr_FR","og_type":"article","og_title":"Moyens humains r\u00e9alisation d'\u00e9chafaudages - Antoine \u00c9chafaudages","og_description":"Antoine \u00c9chafaudages c'est une \u00e9quipe riche de ressources techniques, commerciales, logistiques pour la r\u00e9alisation d'\u00e9chafaudages.","og_url":"https:\/\/www.antoine-echafaudages.fr\/?page_id=405","og_site_name":"Antoine \u00c9chafaudages","article_modified_time":"2019-06-21T09:36:29+00:00","twitter_card":"summary_large_image","twitter_misc":{"Dur\u00e9e de lecture estim\u00e9e":"1 minute"},"schema":{"@context":"https:\/\/schema.org","@graph":[{"@type":"WebPage","@id":"https:\/\/www.antoine-echafaudages.fr\/?page_id=405","url":"https:\/\/www.antoine-echafaudages.fr\/?page_id=405","name":"Moyens humains r\u00e9alisation d'\u00e9chafaudages - Antoine \u00c9chafaudages","isPartOf":{"@id":"https:\/\/www.antoine-echafaudages.fr\/#website"},"datePublished":"2019-04-09T17:10:16+00:00","dateModified":"2019-06-21T09:36:29+00:00","description":"Antoine \u00c9chafaudages c'est une \u00e9quipe riche de ressources techniques, commerciales, logistiques pour la r\u00e9alisation d'\u00e9chafaudages.","breadcrumb":{"@id":"https:\/\/www.antoine-echafaudages.fr\/?page_id=405#breadcrumb"},"inLanguage":"fr-FR","potentialAction":[{"@type":"ReadAction","target":["https:\/\/www.antoine-echafaudages.fr\/?page_id=405"]}]},{"@type":"BreadcrumbList","@id":"https:\/\/www.antoine-echafaudages.fr\/?page_id=405#breadcrumb","itemListElement":[{"@type":"ListItem","position":1,"name":"Accueil","item":"https:\/\/www.antoine-echafaudages.fr\/"},{"@type":"ListItem","position":2,"name":"Nos Moyens","item":"https:\/\/www.antoine-echafaudages.fr\/?page_id=217"},{"@type":"ListItem","position":3,"name":"Moyens humains"}]},{"@type":"WebSite","@id":"https:\/\/www.antoine-echafaudages.fr\/#website","url":"https:\/\/www.antoine-echafaudages.fr\/","name":"Antoine \u00c9chafaudages","description":"Antoine \u00c9chafaudages","potentialAction":[{"@type":"SearchAction","target":{"@type":"EntryPoint","urlTemplate":"https:\/\/www.antoine-echafaudages.fr\/?s={search_term_string}"},"query-input":"required name=search_term_string"}],"inLanguage":"fr-FR"}]}},"_links":{"self":[{"href":"https:\/\/www.antoine-echafaudages.fr\/index.php?rest_route=\/wp\/v2\/pages\/405"}],"collection":[{"href":"https:\/\/www.antoine-echafaudages.fr\/index.php?rest_route=\/wp\/v2\/pages"}],"about":[{"href":"https:\/\/www.antoine-echafaudages.fr\/index.php?rest_route=\/wp\/v2\/types\/page"}],"author":[{"embeddable":true,"href":"https:\/\/www.antoine-echafaudages.fr\/index.php?rest_route=\/wp\/v2\/users\/5"}],"replies":[{"embeddable":true,"href":"https:\/\/www.antoine-echafaudages.fr\/index.php?rest_route=%2Fwp%2Fv2%2Fcomments&post=405"}],"version-history":[{"count":0,"href":"https:\/\/www.antoine-echafaudages.fr\/index.php?rest_route=\/wp\/v2\/pages\/405\/revisions"}],"up":[{"embeddable":true,"href":"https:\/\/www.antoine-echafaudages.fr\/index.php?rest_route=\/wp\/v2\/pages\/217"}],"wp:attachment":[{"href":"https:\/\/www.antoine-echafaudages.fr\/index.php?rest_route=%2Fwp%2Fv2%2Fmedia&parent=405"}],"curies":[{"name":"wp","href":"https:\/\/api.w.org\/{rel}","templated":true}]}}