{"id":200,"date":"2017-05-22T09:37:11","date_gmt":"2017-05-22T07:37:11","guid":{"rendered":"https:\/\/antoine-echafaudages.fr\/\/?page_id=200"},"modified":"2019-06-17T13:32:17","modified_gmt":"2019-06-17T11:32:17","slug":"plan-et-formulaire-contact-societe-echafaudages","status":"publish","type":"page","link":"https:\/\/www.antoine-echafaudages.fr\/?page_id=200","title":{"rendered":"Antoine Echafaudages"},"content":{"rendered":"\n<h4 class=\"wp-block-heading\"><strong>SI\u00c8GE SOCIAL<\/strong><\/h4>\n\n\n\n<p style=\"text-align:left\">Route Pagny<br>54121 Vandi\u00e8res<br>T\u00e9l : 03 83 81 77 28<\/p>\n\n\n\n<p><\/p>\n\n\n\n<h4 class=\"wp-block-heading\"><strong>AGENCE CHAMPAGNE-ARDENNES<\/strong> <\/h4>\n\n\n\n<p>112 Rue de Courcelles<br>51100 REIMS<br>T\u00e9l : 03 26 06 17 20<br>Fax : 03 26 84 96 57<\/p>\n","protected":false},"excerpt":{"rendered":"<p>SI\u00c8GE SOCIAL Route Pagny54121 Vandi\u00e8resT\u00e9l : 03 83 81 77 28 AGENCE CHAMPAGNE-ARDENNES 112 Rue de Courcelles51100&#8230;<\/p>\n","protected":false},"author":5,"featured_media":0,"parent":48,"menu_order":6,"comment_status":"closed","ping_status":"closed","template":"page-contact.php","meta":{"footnotes":""},"acf":[],"yoast_head":"<!-- This site is optimized with the Yoast SEO plugin v20.0 - https:\/\/yoast.com\/wordpress\/plugins\/seo\/ -->\n<title>Antoine Echafaudages - Antoine \u00c9chafaudages<\/title>\n<meta name=\"description\" content=\"Contacter la soci\u00e9t\u00e9 Antoine \u00c9chafaudages pour avoir plus d&#039;informations sur nos prestations d&#039;\u00e9chafaudages et \u00e9taiements.\" \/>\n<meta name=\"robots\" content=\"index, follow, max-snippet:-1, max-image-preview:large, max-video-preview:-1\" \/>\n<link rel=\"canonical\" href=\"https:\/\/www.antoine-echafaudages.fr\/?page_id=200\" \/>\n<meta property=\"og:locale\" content=\"fr_FR\" \/>\n<meta property=\"og:type\" content=\"article\" \/>\n<meta property=\"og:title\" content=\"Antoine Echafaudages - Antoine \u00c9chafaudages\" \/>\n<meta property=\"og:description\" content=\"Contacter la soci\u00e9t\u00e9 Antoine \u00c9chafaudages pour avoir plus d&#039;informations sur nos prestations d&#039;\u00e9chafaudages et \u00e9taiements.\" \/>\n<meta property=\"og:url\" content=\"https:\/\/www.antoine-echafaudages.fr\/?page_id=200\" \/>\n<meta property=\"og:site_name\" content=\"Antoine \u00c9chafaudages\" \/>\n<meta property=\"article:modified_time\" content=\"2019-06-17T11:32:17+00:00\" \/>\n<meta name=\"twitter:card\" content=\"summary_large_image\" \/>\n<script type=\"application\/ld+json\" class=\"yoast-schema-graph\">{\"@context\":\"https:\/\/schema.org\",\"@graph\":[{\"@type\":\"WebPage\",\"@id\":\"https:\/\/www.antoine-echafaudages.fr\/?page_id=200\",\"url\":\"https:\/\/www.antoine-echafaudages.fr\/?page_id=200\",\"name\":\"Antoine Echafaudages - Antoine \u00c9chafaudages\",\"isPartOf\":{\"@id\":\"https:\/\/www.antoine-echafaudages.fr\/#website\"},\"datePublished\":\"2017-05-22T07:37:11+00:00\",\"dateModified\":\"2019-06-17T11:32:17+00:00\",\"description\":\"Contacter la soci\u00e9t\u00e9 Antoine \u00c9chafaudages pour avoir plus d'informations sur nos prestations d'\u00e9chafaudages et \u00e9taiements.\",\"breadcrumb\":{\"@id\":\"https:\/\/www.antoine-echafaudages.fr\/?page_id=200#breadcrumb\"},\"inLanguage\":\"fr-FR\",\"potentialAction\":[{\"@type\":\"ReadAction\",\"target\":[\"https:\/\/www.antoine-echafaudages.fr\/?page_id=200\"]}]},{\"@type\":\"BreadcrumbList\",\"@id\":\"https:\/\/www.antoine-echafaudages.fr\/?page_id=200#breadcrumb\",\"itemListElement\":[{\"@type\":\"ListItem\",\"position\":1,\"name\":\"Accueil\",\"item\":\"https:\/\/www.antoine-echafaudages.fr\/\"},{\"@type\":\"ListItem\",\"position\":2,\"name\":\"Contacter Antoine \u00c9chafaudages\",\"item\":\"https:\/\/www.antoine-echafaudages.fr\/?page_id=48\"},{\"@type\":\"ListItem\",\"position\":3,\"name\":\"Antoine Echafaudages\"}]},{\"@type\":\"WebSite\",\"@id\":\"https:\/\/www.antoine-echafaudages.fr\/#website\",\"url\":\"https:\/\/www.antoine-echafaudages.fr\/\",\"name\":\"Antoine \u00c9chafaudages\",\"description\":\"Antoine \u00c9chafaudages\",\"potentialAction\":[{\"@type\":\"SearchAction\",\"target\":{\"@type\":\"EntryPoint\",\"urlTemplate\":\"https:\/\/www.antoine-echafaudages.fr\/?s={search_term_string}\"},\"query-input\":\"required name=search_term_string\"}],\"inLanguage\":\"fr-FR\"}]}<\/script>\n<!-- \/ Yoast SEO plugin. -->","yoast_head_json":{"title":"Antoine Echafaudages - Antoine \u00c9chafaudages","description":"Contacter la soci\u00e9t\u00e9 Antoine \u00c9chafaudages pour avoir plus d'informations sur nos prestations d'\u00e9chafaudages et \u00e9taiements.","robots":{"index":"index","follow":"follow","max-snippet":"max-snippet:-1","max-image-preview":"max-image-preview:large","max-video-preview":"max-video-preview:-1"},"canonical":"https:\/\/www.antoine-echafaudages.fr\/?page_id=200","og_locale":"fr_FR","og_type":"article","og_title":"Antoine Echafaudages - Antoine \u00c9chafaudages","og_description":"Contacter la soci\u00e9t\u00e9 Antoine \u00c9chafaudages pour avoir plus d'informations sur nos prestations d'\u00e9chafaudages et \u00e9taiements.","og_url":"https:\/\/www.antoine-echafaudages.fr\/?page_id=200","og_site_name":"Antoine \u00c9chafaudages","article_modified_time":"2019-06-17T11:32:17+00:00","twitter_card":"summary_large_image","schema":{"@context":"https:\/\/schema.org","@graph":[{"@type":"WebPage","@id":"https:\/\/www.antoine-echafaudages.fr\/?page_id=200","url":"https:\/\/www.antoine-echafaudages.fr\/?page_id=200","name":"Antoine Echafaudages - Antoine \u00c9chafaudages","isPartOf":{"@id":"https:\/\/www.antoine-echafaudages.fr\/#website"},"datePublished":"2017-05-22T07:37:11+00:00","dateModified":"2019-06-17T11:32:17+00:00","description":"Contacter la soci\u00e9t\u00e9 Antoine \u00c9chafaudages pour avoir plus d'informations sur nos prestations d'\u00e9chafaudages et \u00e9taiements.","breadcrumb":{"@id":"https:\/\/www.antoine-echafaudages.fr\/?page_id=200#breadcrumb"},"inLanguage":"fr-FR","potentialAction":[{"@type":"ReadAction","target":["https:\/\/www.antoine-echafaudages.fr\/?page_id=200"]}]},{"@type":"BreadcrumbList","@id":"https:\/\/www.antoine-echafaudages.fr\/?page_id=200#breadcrumb","itemListElement":[{"@type":"ListItem","position":1,"name":"Accueil","item":"https:\/\/www.antoine-echafaudages.fr\/"},{"@type":"ListItem","position":2,"name":"Contacter Antoine \u00c9chafaudages","item":"https:\/\/www.antoine-echafaudages.fr\/?page_id=48"},{"@type":"ListItem","position":3,"name":"Antoine Echafaudages"}]},{"@type":"WebSite","@id":"https:\/\/www.antoine-echafaudages.fr\/#website","url":"https:\/\/www.antoine-echafaudages.fr\/","name":"Antoine \u00c9chafaudages","description":"Antoine \u00c9chafaudages","potentialAction":[{"@type":"SearchAction","target":{"@type":"EntryPoint","urlTemplate":"https:\/\/www.antoine-echafaudages.fr\/?s={search_term_string}"},"query-input":"required name=search_term_string"}],"inLanguage":"fr-FR"}]}},"_links":{"self":[{"href":"https:\/\/www.antoine-echafaudages.fr\/index.php?rest_route=\/wp\/v2\/pages\/200"}],"collection":[{"href":"https:\/\/www.antoine-echafaudages.fr\/index.php?rest_route=\/wp\/v2\/pages"}],"about":[{"href":"https:\/\/www.antoine-echafaudages.fr\/index.php?rest_route=\/wp\/v2\/types\/page"}],"author":[{"embeddable":true,"href":"https:\/\/www.antoine-echafaudages.fr\/index.php?rest_route=\/wp\/v2\/users\/5"}],"replies":[{"embeddable":true,"href":"https:\/\/www.antoine-echafaudages.fr\/index.php?rest_route=%2Fwp%2Fv2%2Fcomments&post=200"}],"version-history":[{"count":0,"href":"https:\/\/www.antoine-echafaudages.fr\/index.php?rest_route=\/wp\/v2\/pages\/200\/revisions"}],"up":[{"embeddable":true,"href":"https:\/\/www.antoine-echafaudages.fr\/index.php?rest_route=\/wp\/v2\/pages\/48"}],"wp:attachment":[{"href":"https:\/\/www.antoine-echafaudages.fr\/index.php?rest_route=%2Fwp%2Fv2%2Fmedia&parent=200"}],"curies":[{"name":"wp","href":"https:\/\/api.w.org\/{rel}","templated":true}]}}